{"id":164,"date":"2014-01-09T02:33:00","date_gmt":"2014-01-09T00:33:00","guid":{"rendered":"http:\/\/www.musikschule-kuberka.de\/?page_id=164"},"modified":"2026-01-20T19:45:05","modified_gmt":"2026-01-20T17:45:05","slug":"der-meister","status":"publish","type":"page","link":"https:\/\/www.musikschule-kuberka.de\/?page_id=164","title":{"rendered":"Der Meister"},"content":{"rendered":"<dl id=\"attachment_1108\">\n<dt><\/dt>\n<\/dl>\n<figure id=\"attachment_1115\" aria-describedby=\"caption-attachment-1115\" style=\"width: 200px\" class=\"wp-caption aligncenter\"><a href=\"http:\/\/www.musikschule-kuberka.de\/wp-content\/uploads\/2014\/01\/Y7A6909.jpg\"><img loading=\"lazy\" decoding=\"async\" class=\"size-medium wp-image-1366\" src=\"http:\/\/www.musikschule-kuberka.de\/wp-content\/uploads\/2014\/01\/Y7A6909-200x300.jpg\" alt=\"Christoph &quot;QB&quot; Kuberka\" width=\"200\" height=\"300\" srcset=\"https:\/\/www.musikschule-kuberka.de\/wp-content\/uploads\/2014\/01\/Y7A6909-200x300.jpg 200w, https:\/\/www.musikschule-kuberka.de\/wp-content\/uploads\/2014\/01\/Y7A6909-682x1024.jpg 682w\" sizes=\"auto, (max-width: 200px) 100vw, 200px\" \/><\/a><figcaption id=\"caption-attachment-1115\" class=\"wp-caption-text\">Christoph &#8222;QB&#8220; Kuberka<\/figcaption><\/figure>\n<p>\ud83d\ude09<\/p>\n<p>Dieser (ironische) Titel geht auf eine durchaus ernst gemeinte Anrede zur\u00fcck, die mir vor vielen Jahren durch einen Sch\u00fcler bzw. dessen Frau zuteil wurde. H\u00f6chstwahrscheinlich verdiene ich diese Bezeichnung \u00a0nicht in allen Disziplinen &#8230; &#8211; Fakt ist aber genauso, dass sehr viel Flei\u00dfarbeit dahinter steckt. Seit einem halben Jahrhundert (explizit: seit 50 Jahren!) habe ich mich unz\u00e4hlige Stunden mit dem Thema Musik und dem Erlernen diverser Musikinstrumente auseinandergesetzt. Mein Wissen und meine Erfahrung gebe ich sehr gerne weiter. \u00dcberzeugt Euch davon !<\/p>\n<p>siehe auch : http:\/\/christoph-kuberka.de (K\u00fcnstlerseite)<\/p>\n","protected":false},"excerpt":{"rendered":"<p>\ud83d\ude09 Dieser (ironische) Titel geht auf eine durchaus ernst gemeinte Anrede zur\u00fcck, die mir vor vielen Jahren durch einen Sch\u00fcler bzw. dessen Frau zuteil wurde. H\u00f6chstwahrscheinlich verdiene ich diese Bezeichnung \u00a0nicht in allen Disziplinen &#8230; &#8211; Fakt ist aber genauso,&hellip;<\/p>\n","protected":false},"author":5,"featured_media":0,"parent":0,"menu_order":0,"comment_status":"open","ping_status":"open","template":"","meta":{"footnotes":""},"class_list":["post-164","page","type-page","status-publish","hentry"],"_links":{"self":[{"href":"https:\/\/www.musikschule-kuberka.de\/index.php?rest_route=\/wp\/v2\/pages\/164","targetHints":{"allow":["GET"]}}],"collection":[{"href":"https:\/\/www.musikschule-kuberka.de\/index.php?rest_route=\/wp\/v2\/pages"}],"about":[{"href":"https:\/\/www.musikschule-kuberka.de\/index.php?rest_route=\/wp\/v2\/types\/page"}],"author":[{"embeddable":true,"href":"https:\/\/www.musikschule-kuberka.de\/index.php?rest_route=\/wp\/v2\/users\/5"}],"replies":[{"embeddable":true,"href":"https:\/\/www.musikschule-kuberka.de\/index.php?rest_route=%2Fwp%2Fv2%2Fcomments&post=164"}],"version-history":[{"count":28,"href":"https:\/\/www.musikschule-kuberka.de\/index.php?rest_route=\/wp\/v2\/pages\/164\/revisions"}],"predecessor-version":[{"id":2030,"href":"https:\/\/www.musikschule-kuberka.de\/index.php?rest_route=\/wp\/v2\/pages\/164\/revisions\/2030"}],"wp:attachment":[{"href":"https:\/\/www.musikschule-kuberka.de\/index.php?rest_route=%2Fwp%2Fv2%2Fmedia&parent=164"}],"curies":[{"name":"wp","href":"https:\/\/api.w.org\/{rel}","templated":true}]}}