{"id":14,"date":"2012-03-10T14:26:59","date_gmt":"2012-03-10T14:26:59","guid":{"rendered":"http:\/\/www.musikschule-kuberka.com\/?page_id=13"},"modified":"2024-03-06T12:34:22","modified_gmt":"2024-03-06T10:34:22","slug":"bass","status":"publish","type":"page","link":"https:\/\/www.musikschule-kuberka.de\/?page_id=14","title":{"rendered":"E-Bass"},"content":{"rendered":"<p><a href=\"http:\/\/www.musikschule-kuberka.de\/wp-content\/uploads\/2022\/02\/0011B5EA-6F09-4F23-B0D4-6B2BC4D89B2C.jpeg\"><img loading=\"lazy\" decoding=\"async\" class=\"aligncenter size-full wp-image-1917\" src=\"http:\/\/www.musikschule-kuberka.de\/wp-content\/uploads\/2022\/02\/0011B5EA-6F09-4F23-B0D4-6B2BC4D89B2C.jpeg\" alt=\"\" width=\"1536\" height=\"2304\" srcset=\"https:\/\/www.musikschule-kuberka.de\/wp-content\/uploads\/2022\/02\/0011B5EA-6F09-4F23-B0D4-6B2BC4D89B2C.jpeg 1536w, https:\/\/www.musikschule-kuberka.de\/wp-content\/uploads\/2022\/02\/0011B5EA-6F09-4F23-B0D4-6B2BC4D89B2C-200x300.jpeg 200w, https:\/\/www.musikschule-kuberka.de\/wp-content\/uploads\/2022\/02\/0011B5EA-6F09-4F23-B0D4-6B2BC4D89B2C-683x1024.jpeg 683w, https:\/\/www.musikschule-kuberka.de\/wp-content\/uploads\/2022\/02\/0011B5EA-6F09-4F23-B0D4-6B2BC4D89B2C-768x1152.jpeg 768w, https:\/\/www.musikschule-kuberka.de\/wp-content\/uploads\/2022\/02\/0011B5EA-6F09-4F23-B0D4-6B2BC4D89B2C-1024x1536.jpeg 1024w, https:\/\/www.musikschule-kuberka.de\/wp-content\/uploads\/2022\/02\/0011B5EA-6F09-4F23-B0D4-6B2BC4D89B2C-1365x2048.jpeg 1365w\" sizes=\"auto, (max-width: 1536px) 100vw, 1536px\" \/><\/a><\/p>\n<p><strong>Zielgruppe<\/strong><\/p>\n<p>Sinnvoll erscheint ein Mindestalter von ca. 10 Jahren.<br \/>\nAnsonsten sind keine Grenzen gesetzt \u2013 jeder darf sich angesprochen f\u00fchlen ! Ich bin\u00a0auf die Ausbildung von jungen und jung gebliebenen Erwachsenen spezialisiert.<\/p>\n<p><strong><br \/>\nKonzept<\/strong><\/p>\n<p>Eine solide Basis ist wichtig f\u00fcr das erfolgreiche Erlernen eines Instrumentes.\u00a0Daher setze ich\u00a0auf etablierte Formen und Strukturen wie Notenschrift, Tabulaturen etc., habe\u00a0aber auch eigene Ideen. Motivation ist das Zauberwort.\u00a0Wer m\u00f6chte schon\u00a0wochenlang mit \u00dcbungen verbringen, bevor man sein Instrument mal so richtig zum Klingen bringt \u2026 ?\u00a0Mit meiner Methode k\u00f6nnt Ihr bereits nach wenigen \u00dcbungsstunden erste Erfolge verbuchen.\u00a0Ich arbeite\u00a0praxisnah und bringe Euch nach kurzer Zeit auf die B\u00fchne !\u00a0Aber selbst derjenige, der nur zu Hause spielen m\u00f6chte, wird sich daran erfreuen, wenn es nicht lange dauert, bis die Nachbarn die Fenster und T\u00fcren \u00f6ffnen, um mith\u00f6ren zu d\u00fcrfen !<\/p>\n<p><strong><br \/>\nEquipment<\/strong><\/p>\n<p>In der Regel werden zum Unterricht eigene Instrumente mitgebracht \u2013 Bassverst\u00e4rker vorhanden.<\/p>\n<p><img loading=\"lazy\" decoding=\"async\" class=\"aligncenter size-medium wp-image-259\" src=\"http:\/\/www.musikschule-kuberka.de\/wp-content\/uploads\/2012\/03\/imagesP1JP15E7-300x64.jpg\" alt=\"imagesP1JP15E7\" width=\"300\" height=\"64\" srcset=\"https:\/\/www.musikschule-kuberka.de\/wp-content\/uploads\/2012\/03\/imagesP1JP15E7-300x64.jpg 300w, https:\/\/www.musikschule-kuberka.de\/wp-content\/uploads\/2012\/03\/imagesP1JP15E7.jpg 468w\" sizes=\"auto, (max-width: 300px) 100vw, 300px\" \/><\/p>\n<p><strong>\u00a0<\/strong><\/p>\n","protected":false},"excerpt":{"rendered":"<p>Zielgruppe Sinnvoll erscheint ein Mindestalter von ca. 10 Jahren. Ansonsten sind keine Grenzen gesetzt \u2013 jeder darf sich angesprochen f\u00fchlen ! Ich bin\u00a0auf die Ausbildung von jungen und jung gebliebenen Erwachsenen spezialisiert. Konzept Eine solide Basis ist wichtig f\u00fcr das&hellip;<\/p>\n","protected":false},"author":5,"featured_media":0,"parent":0,"menu_order":1,"comment_status":"closed","ping_status":"closed","template":"","meta":{"footnotes":""},"class_list":["post-14","page","type-page","status-publish","hentry"],"_links":{"self":[{"href":"https:\/\/www.musikschule-kuberka.de\/index.php?rest_route=\/wp\/v2\/pages\/14","targetHints":{"allow":["GET"]}}],"collection":[{"href":"https:\/\/www.musikschule-kuberka.de\/index.php?rest_route=\/wp\/v2\/pages"}],"about":[{"href":"https:\/\/www.musikschule-kuberka.de\/index.php?rest_route=\/wp\/v2\/types\/page"}],"author":[{"embeddable":true,"href":"https:\/\/www.musikschule-kuberka.de\/index.php?rest_route=\/wp\/v2\/users\/5"}],"replies":[{"embeddable":true,"href":"https:\/\/www.musikschule-kuberka.de\/index.php?rest_route=%2Fwp%2Fv2%2Fcomments&post=14"}],"version-history":[{"count":14,"href":"https:\/\/www.musikschule-kuberka.de\/index.php?rest_route=\/wp\/v2\/pages\/14\/revisions"}],"predecessor-version":[{"id":1984,"href":"https:\/\/www.musikschule-kuberka.de\/index.php?rest_route=\/wp\/v2\/pages\/14\/revisions\/1984"}],"wp:attachment":[{"href":"https:\/\/www.musikschule-kuberka.de\/index.php?rest_route=%2Fwp%2Fv2%2Fmedia&parent=14"}],"curies":[{"name":"wp","href":"https:\/\/api.w.org\/{rel}","templated":true}]}}