{"id":13,"date":"2012-03-10T14:26:50","date_gmt":"2012-03-10T14:26:50","guid":{"rendered":"http:\/\/www.musikschule-kuberka.com\/?page_id=11"},"modified":"2024-03-06T13:05:32","modified_gmt":"2024-03-06T11:05:32","slug":"gitarre","status":"publish","type":"page","link":"https:\/\/www.musikschule-kuberka.de\/?page_id=13","title":{"rendered":"Gitarre"},"content":{"rendered":"<p><a href=\"http:\/\/www.musikschule-kuberka.de\/wp-content\/uploads\/2022\/02\/0B5F274F-1991-46E8-A79A-897F8E6F57BB.jpeg\"><img loading=\"lazy\" decoding=\"async\" class=\"aligncenter size-full wp-image-1913\" src=\"http:\/\/www.musikschule-kuberka.de\/wp-content\/uploads\/2022\/02\/0B5F274F-1991-46E8-A79A-897F8E6F57BB.jpeg\" alt=\"\" width=\"1536\" height=\"2304\" srcset=\"https:\/\/www.musikschule-kuberka.de\/wp-content\/uploads\/2022\/02\/0B5F274F-1991-46E8-A79A-897F8E6F57BB.jpeg 1536w, https:\/\/www.musikschule-kuberka.de\/wp-content\/uploads\/2022\/02\/0B5F274F-1991-46E8-A79A-897F8E6F57BB-200x300.jpeg 200w, https:\/\/www.musikschule-kuberka.de\/wp-content\/uploads\/2022\/02\/0B5F274F-1991-46E8-A79A-897F8E6F57BB-683x1024.jpeg 683w, https:\/\/www.musikschule-kuberka.de\/wp-content\/uploads\/2022\/02\/0B5F274F-1991-46E8-A79A-897F8E6F57BB-768x1152.jpeg 768w, https:\/\/www.musikschule-kuberka.de\/wp-content\/uploads\/2022\/02\/0B5F274F-1991-46E8-A79A-897F8E6F57BB-1024x1536.jpeg 1024w, https:\/\/www.musikschule-kuberka.de\/wp-content\/uploads\/2022\/02\/0B5F274F-1991-46E8-A79A-897F8E6F57BB-1365x2048.jpeg 1365w\" sizes=\"auto, (max-width: 1536px) 100vw, 1536px\" \/><\/a><\/p>\n<p><strong>Zielgruppe<\/strong><\/p>\n<p>Sinnvoll erscheint ein Mindestalter von ca. 10 Jahren.<br \/>\nAnsonsten sind keine Grenzen gesetzt \u2013 jeder darf sich angesprochen f\u00fchlen !<br \/>\nIch bin\u00a0auf die Ausbildung von jungen und jung gebliebenen Erwachsenen spezialisiert.<\/p>\n<p><strong><br \/>\nKonzept<\/strong><\/p>\n<p>Eine solide Basis ist wichtig f\u00fcr das erfolgreiche Erlernen eines Instrumentes.\u00a0Daher setze ich\u00a0auf etablierte Formen und Strukturen wie Notenschrift, Tabulaturen etc.,\u00a0habe aber auch eigene Ideen. Motivation ist das Zauberwort.\u00a0Wer m\u00f6chte schon wochenlang mit \u00dcbungen verbringen, bevor man sein Instrument mal so richtig zum Klingen bringt \u2026 ?<\/p>\n<p>Mit\u00a0meiner Methode k\u00f6nnt Ihr bereits nach wenigen \u00dcbungsstunden erste Erfolge verbuchen.\u00a0Ich arbeite praxisnah und bringe Euch nach kurzer Zeit auf die B\u00fchne !\u00a0Aber selbst derjenige, der nur zu Hause spielen m\u00f6chte, wird sich daran erfreuen, wenn es nicht lange dauert, bis die Nachbarn die Fenster und T\u00fcren \u00f6ffnen, um mith\u00f6ren zu d\u00fcrfen !<\/p>\n<p><strong><br \/>\nEquipment<\/strong><\/p>\n<p>In der Regel werden zum Unterricht eigene Instrumente mitgebracht \u2013 verschiedene Amps (bei E-Gitarre) sind vorhanden.<\/p>\n<p><strong>Leihinstrumente<\/strong><\/p>\n<p>Aufgrund einiger Nachfragen biete ich &#8211; sofern verf\u00fcgbar &#8211; auch Leihgitarren an, sowohl Akustik- , als auch E-Gitarren. Gegen eine geringe monatliche Geb\u00fchr (ca. 10% des Neuwertes) hat man so die M\u00f6glichkeit zu \u00fcben und in Ruhe herauszufinden, welches Instrument zu einem passt. Die Leihinstrumente k\u00f6nnen sp\u00e4ter auch \u00fcbernommen werden. Hierbei werden die bisher gezahlten Leihgeb\u00fchren angerechnet, und man zahlt nur die Differenz zum Neupreis. Maximale Leihdauer: 6 Monate!<\/p>\n<p><strong>*Individuell ausgew\u00e4hlte Neu-Instrumente + Zubeh\u00f6r, sowie Verst\u00e4rker, sind vor der Bestellung bzw. Bereitstellung mit 30% des Neuwertes anzuzahlen!*<\/strong><\/p>\n","protected":false},"excerpt":{"rendered":"<p>Zielgruppe Sinnvoll erscheint ein Mindestalter von ca. 10 Jahren. Ansonsten sind keine Grenzen gesetzt \u2013 jeder darf sich angesprochen f\u00fchlen ! Ich bin\u00a0auf die Ausbildung von jungen und jung gebliebenen Erwachsenen spezialisiert. Konzept Eine solide Basis ist wichtig f\u00fcr das&hellip;<\/p>\n","protected":false},"author":5,"featured_media":0,"parent":0,"menu_order":1,"comment_status":"closed","ping_status":"closed","template":"","meta":{"footnotes":""},"class_list":["post-13","page","type-page","status-publish","hentry"],"_links":{"self":[{"href":"https:\/\/www.musikschule-kuberka.de\/index.php?rest_route=\/wp\/v2\/pages\/13","targetHints":{"allow":["GET"]}}],"collection":[{"href":"https:\/\/www.musikschule-kuberka.de\/index.php?rest_route=\/wp\/v2\/pages"}],"about":[{"href":"https:\/\/www.musikschule-kuberka.de\/index.php?rest_route=\/wp\/v2\/types\/page"}],"author":[{"embeddable":true,"href":"https:\/\/www.musikschule-kuberka.de\/index.php?rest_route=\/wp\/v2\/users\/5"}],"replies":[{"embeddable":true,"href":"https:\/\/www.musikschule-kuberka.de\/index.php?rest_route=%2Fwp%2Fv2%2Fcomments&post=13"}],"version-history":[{"count":29,"href":"https:\/\/www.musikschule-kuberka.de\/index.php?rest_route=\/wp\/v2\/pages\/13\/revisions"}],"predecessor-version":[{"id":1987,"href":"https:\/\/www.musikschule-kuberka.de\/index.php?rest_route=\/wp\/v2\/pages\/13\/revisions\/1987"}],"wp:attachment":[{"href":"https:\/\/www.musikschule-kuberka.de\/index.php?rest_route=%2Fwp%2Fv2%2Fmedia&parent=13"}],"curies":[{"name":"wp","href":"https:\/\/api.w.org\/{rel}","templated":true}]}}