{"id":115,"date":"2013-12-27T19:34:07","date_gmt":"2013-12-27T17:34:07","guid":{"rendered":"http:\/\/www.musikschule-kuberka.de\/?page_id=115"},"modified":"2023-05-17T12:56:08","modified_gmt":"2023-05-17T10:56:08","slug":"cajon-kurse","status":"publish","type":"page","link":"https:\/\/www.musikschule-kuberka.de\/?page_id=115","title":{"rendered":"Cajon-Kurse"},"content":{"rendered":"<p><strong><a href=\"http:\/\/www.musikschule-kuberka.de\/wp-content\/uploads\/2013\/12\/cajon.png\"><img loading=\"lazy\" decoding=\"async\" class=\"aligncenter size-full wp-image-180\" src=\"http:\/\/www.musikschule-kuberka.de\/wp-content\/uploads\/2013\/12\/cajon.png\" alt=\"cajon\" width=\"125\" height=\"152\"><\/a>CAJON-KURSE<\/strong><\/p>\n<p>&nbsp;<\/p>\n<p>In den letzten Jahren immer beliebter geworden ist ein traditionelles Percussion-Instrument namens <strong>CAJON<\/strong>, welches urspr\u00fcnglich aus Peru stammt und einer einfachen Transportkiste aus Holz gleicht. Mit ihm lassen sich schlagzeug\u00e4hnliche Sounds produzieren, und nicht umsonst aufgrund der transportfreundlichen Abma\u00dfe spielen viele Drummer nebenbei auch Cajon &#8211; speziell da, wo wenig Platz herrscht und geringe Lautst\u00e4rke gefragt ist.<\/p>\n<p>Ich&nbsp;biete Kurse f\u00fcr Anf\u00e4nger und Fortgeschrittene an.<\/p>\n<p>Mindestteilnehmerzahl : 5<\/p>\n<p>Eine Kurseinheit besteht aus 3 Unterrichtsstunden \u00e0&nbsp;60 Min. ( incl. Pause) und kostet \u20ac 49.- Euro pro Teilnehmer.<\/p>\n<p>*** NEU ! *** F\u00fcr zus\u00e4tzliche \u20ac 29.- kann man zu Beginn des Kurses sein eigenes (Papp-)&nbsp;Cajon unter Anleitung zusammenbauen und selbstverst\u00e4ndlich im Anschluss benutzen und behalten! \ud83d\ude42<\/p>\n<p>&nbsp;<\/p>\n<p><strong>TERMINE:<\/strong><\/p>\n<p><b>t.b.a.*<\/b><\/p>\n<p><b><span style=\"font-family: Thread-00003374-Id-00000033;\">&nbsp;<\/span><\/b><\/p>\n","protected":false},"excerpt":{"rendered":"<p>CAJON-KURSE &nbsp; In den letzten Jahren immer beliebter geworden ist ein traditionelles Percussion-Instrument namens CAJON, welches urspr\u00fcnglich aus Peru stammt und einer einfachen Transportkiste aus Holz gleicht. Mit ihm lassen sich schlagzeug\u00e4hnliche Sounds produzieren, und nicht umsonst aufgrund der transportfreundlichen&hellip;<\/p>\n","protected":false},"author":5,"featured_media":0,"parent":0,"menu_order":3,"comment_status":"open","ping_status":"open","template":"","meta":{"footnotes":""},"class_list":["post-115","page","type-page","status-publish","hentry"],"_links":{"self":[{"href":"https:\/\/www.musikschule-kuberka.de\/index.php?rest_route=\/wp\/v2\/pages\/115","targetHints":{"allow":["GET"]}}],"collection":[{"href":"https:\/\/www.musikschule-kuberka.de\/index.php?rest_route=\/wp\/v2\/pages"}],"about":[{"href":"https:\/\/www.musikschule-kuberka.de\/index.php?rest_route=\/wp\/v2\/types\/page"}],"author":[{"embeddable":true,"href":"https:\/\/www.musikschule-kuberka.de\/index.php?rest_route=\/wp\/v2\/users\/5"}],"replies":[{"embeddable":true,"href":"https:\/\/www.musikschule-kuberka.de\/index.php?rest_route=%2Fwp%2Fv2%2Fcomments&post=115"}],"version-history":[{"count":15,"href":"https:\/\/www.musikschule-kuberka.de\/index.php?rest_route=\/wp\/v2\/pages\/115\/revisions"}],"predecessor-version":[{"id":1945,"href":"https:\/\/www.musikschule-kuberka.de\/index.php?rest_route=\/wp\/v2\/pages\/115\/revisions\/1945"}],"wp:attachment":[{"href":"https:\/\/www.musikschule-kuberka.de\/index.php?rest_route=%2Fwp%2Fv2%2Fmedia&parent=115"}],"curies":[{"name":"wp","href":"https:\/\/api.w.org\/{rel}","templated":true}]}}